{"id":25247,"date":"2024-08-30T14:13:07","date_gmt":"2024-08-30T14:13:07","guid":{"rendered":"https:\/\/magoscreativos.com\/alexgarcia\/home-4\/"},"modified":"2025-02-17T15:38:46","modified_gmt":"2025-02-17T15:38:46","slug":"home-4","status":"publish","type":"page","link":"https:\/\/magoscreativos.com\/alexgarcia\/","title":{"rendered":"Home"},"content":{"rendered":"\n<div class=\"wp-block-uagb-container uagb-block-1c569cdf alignfull uagb-is-root-container\"><div class=\"uagb-container-inner-blocks-wrap\">\n<div class=\"wp-block-uagb-info-box uagb-block-9ea53054 uagb-infobox__content-wrap  uagb-infobox-icon-above-title uagb-infobox-image-valign-top\"><div class=\"uagb-ifb-content\"><div class=\"uagb-ifb-title-wrap\"><h1 class=\"uagb-ifb-title-prefix\">Dise\u00f1o y Crecimiento Creativo<\/h1><h4 class=\"uagb-ifb-title\">Identifico las formas m\u00e1s eficientes de hacer visible tu negocio.<\/h4><\/div><div class=\"uagb-ifb-button-wrapper wp-block-button\"><a href=\"https:\/\/magoscreativos.com\/alexgarcia\/hablemos\/\" class=\"uagb-infobox-cta-link wp-block-button__link\" target=\"_self\" rel=\"noopener noreferrer\" onclick=\"return true;\"><span class=\"uagb-inline-editing\">Hablemos<\/span><svg xmlns=\"https:\/\/www.w3.org\/2000\/svg\" viewBox=\"0 0 256 512\"><path d=\"M64 448c-8.188 0-16.38-3.125-22.62-9.375c-12.5-12.5-12.5-32.75 0-45.25L178.8 256L41.38 118.6c-12.5-12.5-12.5-32.75 0-45.25s32.75-12.5 45.25 0l160 160c12.5 12.5 12.5 32.75 0 45.25l-160 160C80.38 444.9 72.19 448 64 448z\"><\/path><\/svg><\/a><\/div><\/div><\/div>\n<\/div><\/div>\n\n\n\n<div class=\"wp-block-uagb-container uagb-block-d1810821 alignfull uagb-is-root-container\"><div class=\"uagb-container-inner-blocks-wrap\">\n<div class=\"wp-block-uagb-container uagb-block-5767ded9\">\n<div class=\"wp-block-uagb-info-box uagb-block-153f65e8 uagb-infobox__content-wrap  uagb-infobox-icon-above-title uagb-infobox-image-valign-top\"><div class=\"uagb-ifb-content\"><div class=\"uagb-ifb-title-wrap\"><h6 class=\"uagb-ifb-title-prefix\">Lo que hago!<\/h6><div class=\"uagb-ifb-separator\"><\/div><h2 class=\"uagb-ifb-title\">Mi objetivo es conseguir una sola cosa: hacer que mis clientes tengan mayor visibilidad.<\/h2><\/div><div class=\"uagb-ifb-button-wrapper wp-block-button\"><a href=\"https:\/\/magoscreativos.com\/alexgarcia\/soy-alex\/\" class=\"uagb-infobox-cta-link wp-block-button__link\" target=\"_blank\" rel=\"noopener noreferrer\" onclick=\"return true;\"><span class=\"uagb-inline-editing\">Leer m\u00e1s<\/span><svg xmlns=\"https:\/\/www.w3.org\/2000\/svg\" viewBox=\"0 0 256 512\"><path d=\"M64 448c-8.188 0-16.38-3.125-22.62-9.375c-12.5-12.5-12.5-32.75 0-45.25L178.8 256L41.38 118.6c-12.5-12.5-12.5-32.75 0-45.25s32.75-12.5 45.25 0l160 160c12.5 12.5 12.5 32.75 0 45.25l-160 160C80.38 444.9 72.19 448 64 448z\"><\/path><\/svg><\/a><\/div><\/div><\/div>\n<\/div>\n\n\n\n<div class=\"wp-block-uagb-container uagb-block-0df574d6\">\n<div class=\"wp-block-uagb-advanced-heading uagb-block-3c5d6444\"><h3 class=\"uagb-heading-text\">Ayudo a los negocios a crecer.<\/h3><div class=\"uagb-separator\"><\/div><p class=\"uagb-desc-text\">En un mundo digital cada vez m\u00e1s competitivo, ayudar a los negocios a destacarse es clave para su crecimiento. Mi enfoque est\u00e1 en crear mensajes e im\u00e1genes creativas que conecten con tu audiencia de manera aut\u00e9ntica y efectiva. Cada empresa tiene una historia \u00fanica, y mi misi\u00f3n es comunicarla de forma que resuene y atraiga a los clientes adecuados.<br><br>No se trata solo de dise\u00f1ar algo visualmente atractivo, sino de construir una imagen que refleje los valores y la esencia de tu marca. Si tu negocio necesita un impulso creativo para dar ese siguiente gran paso, \u00a1estoy aqu\u00ed para ayudarte a crecer y destacarte!<\/p><\/div>\n<\/div>\n<\/div><\/div>\n\n\n\n<div class=\"wp-block-uagb-container uagb-block-33559333 alignfull uagb-is-root-container\"><div class=\"uagb-container-inner-blocks-wrap\">\n<div class=\"wp-block-uagb-info-box uagb-block-1999a170 uagb-infobox__content-wrap  uagb-infobox-icon-above-title uagb-infobox-image-valign-top\"><div class=\"uagb-ifb-content\"><div class=\"uagb-ifb-title-wrap\"><h6 class=\"uagb-ifb-title-prefix\">Como funciona?<\/h6><div class=\"uagb-ifb-separator\"><\/div><h2 class=\"uagb-ifb-title\">Simplemente con estos 4 sencillos pasos<\/h2><\/div><\/div><\/div>\n<\/div><\/div>\n\n\n\n<div class=\"wp-block-uagb-container uagb-block-0b139ac3 alignfull uagb-is-root-container\"><div class=\"uagb-container-inner-blocks-wrap\">\n<div class=\"wp-block-uagb-container uagb-block-688a75dd\">\n<div class=\"wp-block-uagb-container uagb-block-fb147e40\">\n<div class=\"wp-block-uagb-advanced-heading uagb-block-2f606599\"><h2 class=\"uagb-heading-text\">1<\/h2><\/div>\n<\/div>\n\n\n\n<div class=\"wp-block-uagb-container uagb-block-e77aeed6\">\n<div class=\"wp-block-uagb-info-box uagb-block-df6543cc uagb-infobox__content-wrap  uagb-infobox-icon-above-title uagb-infobox-image-valign-top\"><div class=\"uagb-ifb-content\"><div class=\"uagb-ifb-title-wrap\"><h3 class=\"uagb-ifb-title\">Tengamos una r\u00e1pida reuni\u00f3n<\/h3><\/div><div class=\"uagb-ifb-separator\"><\/div><p class=\"uagb-ifb-desc\">Aqu\u00ed tendremos un panorama en general de lo que se quiere y se busca para potencializar una marca.<\/p><\/div><\/div>\n<\/div>\n<\/div>\n\n\n\n<div class=\"wp-block-uagb-container uagb-block-cb64b023\">\n<div class=\"wp-block-uagb-container uagb-block-c7f4e441\">\n<div class=\"wp-block-uagb-advanced-heading uagb-block-67015fd6\"><h2 class=\"uagb-heading-text\">2<\/h2><\/div>\n<\/div>\n\n\n\n<div class=\"wp-block-uagb-container uagb-block-c72bda42\">\n<div class=\"wp-block-uagb-info-box uagb-block-c100d88d uagb-infobox__content-wrap  uagb-infobox-icon-above-title uagb-infobox-image-valign-top\"><div class=\"uagb-ifb-content\"><div class=\"uagb-ifb-title-wrap\"><h3 class=\"uagb-ifb-title\">Entendiendo su negocio<\/h3><\/div><div class=\"uagb-ifb-separator\"><\/div><p class=\"uagb-ifb-desc\">Me adentro un poco en conocer mas al detalle la necesidad, de esta manera trazamos un plan de ejecuci\u00f3n.<\/p><\/div><\/div>\n<\/div>\n<\/div>\n<\/div><\/div>\n\n\n\n<div class=\"wp-block-uagb-container uagb-block-46600134 alignfull uagb-is-root-container\"><div class=\"uagb-container-inner-blocks-wrap\">\n<div class=\"wp-block-uagb-container uagb-block-c710c9fb\">\n<div class=\"wp-block-uagb-container uagb-block-9d20bc54\">\n<div class=\"wp-block-uagb-advanced-heading uagb-block-c60bc3dc\"><h2 class=\"uagb-heading-text\">3<\/h2><\/div>\n<\/div>\n\n\n\n<div class=\"wp-block-uagb-container uagb-block-9b1d9a74\">\n<div class=\"wp-block-uagb-info-box uagb-block-2cdfdac1 uagb-infobox__content-wrap  uagb-infobox-icon-above-title uagb-infobox-image-valign-top\"><div class=\"uagb-ifb-content\"><div class=\"uagb-ifb-title-wrap\"><h3 class=\"uagb-ifb-title\">Implementaci\u00f3n de estrategia<\/h3><\/div><div class=\"uagb-ifb-separator\"><\/div><p class=\"uagb-ifb-desc\">Es simple, no complico con tecnicismos la \u00abestrategia\u00bb, aqu\u00ed me encargo de poner en marcha el plan.&nbsp;<\/p><\/div><\/div>\n<\/div>\n<\/div>\n\n\n\n<div class=\"wp-block-uagb-container uagb-block-9b6558bb\">\n<div class=\"wp-block-uagb-container uagb-block-7bade9fd\">\n<div class=\"wp-block-uagb-advanced-heading uagb-block-c4b96773\"><h2 class=\"uagb-heading-text\">4<\/h2><\/div>\n<\/div>\n\n\n\n<div class=\"wp-block-uagb-container uagb-block-b6dec4a1\">\n<div class=\"wp-block-uagb-info-box uagb-block-e75cf7bc uagb-infobox__content-wrap  uagb-infobox-icon-above-title uagb-infobox-image-valign-top\"><div class=\"uagb-ifb-content\"><div class=\"uagb-ifb-title-wrap\"><h3 class=\"uagb-ifb-title\">Ahora a disfrutar de los resultados<\/h3><\/div><div class=\"uagb-ifb-separator\"><\/div><p class=\"uagb-ifb-desc\">Estar listo para atender las solicitudes y nuevos clientes en tu negocio. Cada paso o acci\u00f3n nos acerca al ideal.<\/p><\/div><\/div>\n<\/div>\n<\/div>\n<\/div><\/div>\n\n\n\n<div class=\"wp-block-uagb-container uagb-block-d0bbd554 alignfull uagb-is-root-container\"><div class=\"uagb-container-inner-blocks-wrap\">\n<div class=\"wp-block-uagb-container uagb-block-b653e31d\">\n<div class=\"wp-block-uagb-info-box uagb-block-f8f32fcf uagb-infobox__content-wrap  uagb-infobox-icon-above-title uagb-infobox-image-valign-top\"><div class=\"uagb-ifb-content\"><div class=\"uagb-ifb-title-wrap\"><h6 class=\"uagb-ifb-title-prefix\">Suscr\u00edbete a mi bolet\u00edn<\/h6><div class=\"uagb-ifb-separator\"><\/div><h2 class=\"uagb-ifb-title\">Estrategias de crecimiento y marketing enviadas directamente a su bandeja de entrada.<\/h2><\/div><div class=\"uagb-ifb-button-wrapper wp-block-button\"><a href=\"#\" class=\"uagb-infobox-cta-link wp-block-button__link\" target=\"_self\" rel=\"noopener noreferrer\" onclick=\"return false;\"><span class=\"uagb-inline-editing\">Subscribete<\/span><svg xmlns=\"https:\/\/www.w3.org\/2000\/svg\" viewBox=\"0 0 256 512\"><path d=\"M64 448c-8.188 0-16.38-3.125-22.62-9.375c-12.5-12.5-12.5-32.75 0-45.25L178.8 256L41.38 118.6c-12.5-12.5-12.5-32.75 0-45.25s32.75-12.5 45.25 0l160 160c12.5 12.5 12.5 32.75 0 45.25l-160 160C80.38 444.9 72.19 448 64 448z\"><\/path><\/svg><\/a><\/div><\/div><\/div>\n<\/div>\n<\/div><\/div>\n\n\n\n<div class=\"wp-block-uagb-container uagb-block-405cfe8f alignfull uagb-is-root-container\"><div class=\"uagb-container-inner-blocks-wrap\">\n<div class=\"wp-block-uagb-info-box uagb-block-e1d29bbf uagb-infobox__content-wrap  uagb-infobox-icon-above-title uagb-infobox-image-valign-top\"><div class=\"uagb-ifb-content\"><div class=\"uagb-ifb-title-wrap\"><h6 class=\"uagb-ifb-title-prefix\">Testimonios<\/h6><div class=\"uagb-ifb-separator\"><\/div><h2 class=\"uagb-ifb-title\">Lo que dicen mis clientes<\/h2><\/div><\/div><\/div>\n\n\n\n<div class=\"wp-block-uagb-container uagb-block-35f60fb1\">\n<div class=\"wp-block-uagb-testimonial uagb-slick-carousel uagb-tm__arrow-outside uagb-block-1e759864 uagb-post__carousel_notset uagb-post__carousel_notset-tablet uagb-post__carousel_notset-mobile\"><div class=\"is-carousel uagb-tm__columns-1 uagb-tm__items\"><div class=\"uagb-testimonial__wrap  uagb-tm__imgicon-style-circle uagb-tm__image-position-bottom uagb-tm__bg-type-none \"><div class=\"uagb-tm__content\"><div class=\"uagb-tm__overlay\"><\/div><div class=\"uagb-tm__text-wrap\"><div class=\"uagb-tm__desc\">Trabajar con Alex ha sido una de las mejores decisiones para mi negocio. Desde el primer momento entendi\u00f3 lo que buscaba y me ayud\u00f3 a darle una imagen totalmente nueva a mi marca. No solo me asesor\u00f3 en dise\u00f1o, sino que tambi\u00e9n me dio ideas para mejorar la comunicaci\u00f3n con mis clientes. La creatividad que aport\u00f3 es justo lo que necesitaba para destacar en un mercado tan competitivo. \u00a1Totalmente recomendados!<\/div><div class=\"uagb-tm__meta-inner\"><div class=\"uagb-testimonial-details\"><span class=\"uagb-tm__author-name\">Mar\u00eda Elena<\/span><span class=\"uagb-tm__company\">CEO Tienda Bisouterie<\/span><\/div><\/div><\/div><\/div><\/div><\/div><\/div>\n<\/div>\n\n\n\n<div class=\"wp-block-uagb-container uagb-block-b8a0a712\">\n<div class=\"wp-block-uagb-testimonial uagb-slick-carousel uagb-tm__arrow-outside uagb-block-f5194a8b uagb-post__carousel_notset uagb-post__carousel_notset-tablet uagb-post__carousel_notset-mobile\"><div class=\"is-carousel uagb-tm__columns-1 uagb-tm__items\"><div class=\"uagb-testimonial__wrap  uagb-tm__imgicon-style-circle uagb-tm__image-position-bottom uagb-tm__bg-type-none \"><div class=\"uagb-tm__content\"><div class=\"uagb-tm__overlay\"><\/div><div class=\"uagb-tm__text-wrap\"><div class=\"uagb-tm__desc\">Lo que m\u00e1s me gusta de trabajar con Alex es que entiende mi visi\u00f3n y logra plasmarla en algo visualmente incre\u00edble. Necesitaba algo profesional, pero con un toque \u00fanico que representara nuestra esencia, y eso fue justo lo que obtuve. Adem\u00e1s, siempre est\u00e1 disponible para resolver dudas y asesorarme en cada paso. Gracias a su ayuda, nuestra marca ya tiene una identidad clara y fuerte.<\/div><div class=\"uagb-tm__meta-inner\"><div class=\"uagb-testimonial-details\"><span class=\"uagb-tm__author-name\">Carlos<\/span><span class=\"uagb-tm__company\">Fundador de Startups Ing. Qu\u00edmica<\/span><\/div><\/div><\/div><\/div><\/div><\/div><\/div>\n<\/div>\n\n\n\n<div class=\"wp-block-uagb-container uagb-block-38a0f4d5\">\n<div class=\"wp-block-uagb-testimonial uagb-slick-carousel uagb-tm__arrow-outside uagb-block-363c138b uagb-post__carousel_notset uagb-post__carousel_notset-tablet uagb-post__carousel_notset-mobile\"><div class=\"is-carousel uagb-tm__columns-1 uagb-tm__items\"><div class=\"uagb-testimonial__wrap  uagb-tm__imgicon-style-circle uagb-tm__image-position-bottom uagb-tm__bg-type-none \"><div class=\"uagb-tm__content\"><div class=\"uagb-tm__overlay\"><\/div><div class=\"uagb-tm__text-wrap\"><div class=\"uagb-tm__desc\">Totalmente encantada con el trabajo de Alex! Desde el principio, me brind\u00f3 un gran apoyo en arte final y desarrollo de packaging. Gracias a su creatividad y profesionalismo. \u00a1No podr\u00eda haber elegido mejor!<\/div><div class=\"uagb-tm__meta-inner\"><div class=\"uagb-testimonial-details\"><span class=\"uagb-tm__author-name\">Andrea<\/span><span class=\"uagb-tm__company\">Directora Agencia Publicidad<\/span><\/div><\/div><\/div><\/div><\/div><\/div><\/div>\n<\/div>\n<\/div><\/div>\n\n\n\n<div class=\"wp-block-uagb-container uagb-block-8b9d484d alignfull uagb-is-root-container\"><div class=\"uagb-container-inner-blocks-wrap\">\n<div class=\"wp-block-uagb-info-box uagb-block-eb137e56 uagb-infobox__content-wrap  uagb-infobox-icon-above-title uagb-infobox-image-valign-top\"><div class=\"uagb-ifb-content\"><div class=\"uagb-ifb-title-wrap\"><h6 class=\"uagb-ifb-title-prefix\">Hablemos<\/h6><div class=\"uagb-ifb-separator\"><\/div><h2 class=\"uagb-ifb-title\">D\u00e9jame ayudarte a hacer crecer tu negocio.<\/h2><\/div><div class=\"uagb-ifb-button-wrapper wp-block-button\"><a href=\"https:\/\/magoscreativos.com\/alexgarcia\/hablemos\/\" class=\"uagb-infobox-cta-link wp-block-button__link\" target=\"_self\" rel=\"noopener noreferrer\" onclick=\"return true;\"><span class=\"uagb-inline-editing\">Contactame<\/span><svg xmlns=\"https:\/\/www.w3.org\/2000\/svg\" viewBox=\"0 0 256 512\"><path d=\"M64 448c-8.188 0-16.38-3.125-22.62-9.375c-12.5-12.5-12.5-32.75 0-45.25L178.8 256L41.38 118.6c-12.5-12.5-12.5-32.75 0-45.25s32.75-12.5 45.25 0l160 160c12.5 12.5 12.5 32.75 0 45.25l-160 160C80.38 444.9 72.19 448 64 448z\"><\/path><\/svg><\/a><\/div><\/div><\/div>\n<\/div><\/div>\n","protected":false},"excerpt":{"rendered":"<p>Ayudo a los negocios a crecer. En un mundo digital cada vez m\u00e1s competitivo, ayudar a los negocios a destacarse es clave para su crecimiento. Mi enfoque est\u00e1 en crear mensajes e im\u00e1genes creativas que conecten con tu audiencia de manera aut\u00e9ntica y efectiva. Cada empresa tiene una historia \u00fanica, y mi misi\u00f3n es comunicarla [&hellip;]<\/p>\n","protected":false},"author":1,"featured_media":0,"parent":0,"menu_order":0,"comment_status":"closed","ping_status":"closed","template":"","meta":{"_uag_custom_page_level_css":"","_monsterinsights_skip_tracking":false,"_monsterinsights_sitenote_active":false,"_monsterinsights_sitenote_note":"","_monsterinsights_sitenote_category":0,"site-sidebar-layout":"no-sidebar","site-content-layout":"plain-container","ast-site-content-layout":"normal-width-container","site-content-style":"unboxed","site-sidebar-style":"unboxed","ast-global-header-display":"","ast-banner-title-visibility":"","ast-main-header-display":"","ast-hfb-above-header-display":"","ast-hfb-below-header-display":"","ast-hfb-mobile-header-display":"","site-post-title":"disabled","ast-breadcrumbs-content":"","ast-featured-img":"disabled","footer-sml-layout":"","theme-transparent-header-meta":"enabled","adv-header-id-meta":"","stick-header-meta":"","header-above-stick-meta":"","header-main-stick-meta":"","header-below-stick-meta":"","astra-migrate-meta-layouts":"set","ast-page-background-enabled":"default","ast-page-background-meta":{"desktop":{"background-color":"","background-image":"","background-repeat":"repeat","background-position":"center center","background-size":"auto","background-attachment":"scroll","background-type":"","background-media":"","overlay-type":"","overlay-color":"","overlay-opacity":"","overlay-gradient":""},"tablet":{"background-color":"","background-image":"","background-repeat":"repeat","background-position":"center center","background-size":"auto","background-attachment":"scroll","background-type":"","background-media":"","overlay-type":"","overlay-color":"","overlay-opacity":"","overlay-gradient":""},"mobile":{"background-color":"","background-image":"","background-repeat":"repeat","background-position":"center center","background-size":"auto","background-attachment":"scroll","background-type":"","background-media":"","overlay-type":"","overlay-color":"","overlay-opacity":"","overlay-gradient":""}},"ast-content-background-meta":{"desktop":{"background-color":"var(--ast-global-color-5)","background-image":"","background-repeat":"repeat","background-position":"center center","background-size":"auto","background-attachment":"scroll","background-type":"","background-media":"","overlay-type":"","overlay-color":"","overlay-opacity":"","overlay-gradient":""},"tablet":{"background-color":"var(--ast-global-color-5)","background-image":"","background-repeat":"repeat","background-position":"center center","background-size":"auto","background-attachment":"scroll","background-type":"","background-media":"","overlay-type":"","overlay-color":"","overlay-opacity":"","overlay-gradient":""},"mobile":{"background-color":"var(--ast-global-color-5)","background-image":"","background-repeat":"repeat","background-position":"center center","background-size":"auto","background-attachment":"scroll","background-type":"","background-media":"","overlay-type":"","overlay-color":"","overlay-opacity":"","overlay-gradient":""}},"footnotes":""},"class_list":["post-25247","page","type-page","status-publish","hentry"],"yoast_head":"<!-- This site is optimized with the Yoast SEO plugin v27.5 - https:\/\/yoast.com\/product\/yoast-seo-wordpress\/ -->\n<title>Home - Alex Rodriguez Garcia<\/title>\n<meta name=\"robots\" content=\"index, follow, max-snippet:-1, max-image-preview:large, max-video-preview:-1\" \/>\n<link rel=\"canonical\" href=\"https:\/\/magoscreativos.com\/alexgarcia\/\" \/>\n<meta property=\"og:locale\" content=\"es_ES\" \/>\n<meta property=\"og:type\" content=\"article\" \/>\n<meta property=\"og:title\" content=\"Home - Alex Rodriguez Garcia\" \/>\n<meta property=\"og:description\" content=\"Ayudo a los negocios a crecer. En un mundo digital cada vez m\u00e1s competitivo, ayudar a los negocios a destacarse es clave para su crecimiento. Mi enfoque est\u00e1 en crear mensajes e im\u00e1genes creativas que conecten con tu audiencia de manera aut\u00e9ntica y efectiva. Cada empresa tiene una historia \u00fanica, y mi misi\u00f3n es comunicarla [&hellip;]\" \/>\n<meta property=\"og:url\" content=\"https:\/\/magoscreativos.com\/alexgarcia\/\" \/>\n<meta property=\"og:site_name\" content=\"Alex Rodriguez Garcia\" \/>\n<meta property=\"article:modified_time\" content=\"2025-02-17T15:38:46+00:00\" \/>\n<meta name=\"twitter:card\" content=\"summary_large_image\" \/>\n<meta name=\"twitter:label1\" content=\"Tiempo de lectura\" \/>\n\t<meta name=\"twitter:data1\" content=\"2 minutos\" \/>\n<script type=\"application\/ld+json\" class=\"yoast-schema-graph\">{\"@context\":\"https:\\\/\\\/schema.org\",\"@graph\":[{\"@type\":\"WebPage\",\"@id\":\"https:\\\/\\\/magoscreativos.com\\\/alexgarcia\\\/\",\"url\":\"https:\\\/\\\/magoscreativos.com\\\/alexgarcia\\\/\",\"name\":\"Home - Alex Rodriguez Garcia\",\"isPartOf\":{\"@id\":\"https:\\\/\\\/magoscreativos.com\\\/alexgarcia\\\/#website\"},\"datePublished\":\"2024-08-30T14:13:07+00:00\",\"dateModified\":\"2025-02-17T15:38:46+00:00\",\"breadcrumb\":{\"@id\":\"https:\\\/\\\/magoscreativos.com\\\/alexgarcia\\\/#breadcrumb\"},\"inLanguage\":\"es\",\"potentialAction\":[{\"@type\":\"ReadAction\",\"target\":[\"https:\\\/\\\/magoscreativos.com\\\/alexgarcia\\\/\"]}]},{\"@type\":\"BreadcrumbList\",\"@id\":\"https:\\\/\\\/magoscreativos.com\\\/alexgarcia\\\/#breadcrumb\",\"itemListElement\":[{\"@type\":\"ListItem\",\"position\":1,\"name\":\"Portada\",\"item\":\"https:\\\/\\\/magoscreativos.com\\\/alexgarcia\\\/\"},{\"@type\":\"ListItem\",\"position\":2,\"name\":\"Home\"}]},{\"@type\":\"WebSite\",\"@id\":\"https:\\\/\\\/magoscreativos.com\\\/alexgarcia\\\/#website\",\"url\":\"https:\\\/\\\/magoscreativos.com\\\/alexgarcia\\\/\",\"name\":\"Alex Rodriguez Garcia\",\"description\":\"Comunicaci\u00f3n Gr\u00e1fica y Creatividad\",\"publisher\":{\"@id\":\"https:\\\/\\\/magoscreativos.com\\\/alexgarcia\\\/#organization\"},\"potentialAction\":[{\"@type\":\"SearchAction\",\"target\":{\"@type\":\"EntryPoint\",\"urlTemplate\":\"https:\\\/\\\/magoscreativos.com\\\/alexgarcia\\\/?s={search_term_string}\"},\"query-input\":{\"@type\":\"PropertyValueSpecification\",\"valueRequired\":true,\"valueName\":\"search_term_string\"}}],\"inLanguage\":\"es\"},{\"@type\":\"Organization\",\"@id\":\"https:\\\/\\\/magoscreativos.com\\\/alexgarcia\\\/#organization\",\"name\":\"Alex Rodriguez Garcia\",\"url\":\"https:\\\/\\\/magoscreativos.com\\\/alexgarcia\\\/\",\"logo\":{\"@type\":\"ImageObject\",\"inLanguage\":\"es\",\"@id\":\"https:\\\/\\\/magoscreativos.com\\\/alexgarcia\\\/#\\\/schema\\\/logo\\\/image\\\/\",\"url\":\"https:\\\/\\\/magoscreativos.com\\\/alexgarcia\\\/wp-content\\\/uploads\\\/2018\\\/07\\\/logo-regular-free-img.png\",\"contentUrl\":\"https:\\\/\\\/magoscreativos.com\\\/alexgarcia\\\/wp-content\\\/uploads\\\/2018\\\/07\\\/logo-regular-free-img.png\",\"width\":211,\"height\":30,\"caption\":\"Alex Rodriguez Garcia\"},\"image\":{\"@id\":\"https:\\\/\\\/magoscreativos.com\\\/alexgarcia\\\/#\\\/schema\\\/logo\\\/image\\\/\"}}]}<\/script>\n<!-- \/ Yoast SEO plugin. -->","yoast_head_json":{"title":"Home - Alex Rodriguez Garcia","robots":{"index":"index","follow":"follow","max-snippet":"max-snippet:-1","max-image-preview":"max-image-preview:large","max-video-preview":"max-video-preview:-1"},"canonical":"https:\/\/magoscreativos.com\/alexgarcia\/","og_locale":"es_ES","og_type":"article","og_title":"Home - Alex Rodriguez Garcia","og_description":"Ayudo a los negocios a crecer. En un mundo digital cada vez m\u00e1s competitivo, ayudar a los negocios a destacarse es clave para su crecimiento. Mi enfoque est\u00e1 en crear mensajes e im\u00e1genes creativas que conecten con tu audiencia de manera aut\u00e9ntica y efectiva. Cada empresa tiene una historia \u00fanica, y mi misi\u00f3n es comunicarla [&hellip;]","og_url":"https:\/\/magoscreativos.com\/alexgarcia\/","og_site_name":"Alex Rodriguez Garcia","article_modified_time":"2025-02-17T15:38:46+00:00","twitter_card":"summary_large_image","twitter_misc":{"Tiempo de lectura":"2 minutos"},"schema":{"@context":"https:\/\/schema.org","@graph":[{"@type":"WebPage","@id":"https:\/\/magoscreativos.com\/alexgarcia\/","url":"https:\/\/magoscreativos.com\/alexgarcia\/","name":"Home - Alex Rodriguez Garcia","isPartOf":{"@id":"https:\/\/magoscreativos.com\/alexgarcia\/#website"},"datePublished":"2024-08-30T14:13:07+00:00","dateModified":"2025-02-17T15:38:46+00:00","breadcrumb":{"@id":"https:\/\/magoscreativos.com\/alexgarcia\/#breadcrumb"},"inLanguage":"es","potentialAction":[{"@type":"ReadAction","target":["https:\/\/magoscreativos.com\/alexgarcia\/"]}]},{"@type":"BreadcrumbList","@id":"https:\/\/magoscreativos.com\/alexgarcia\/#breadcrumb","itemListElement":[{"@type":"ListItem","position":1,"name":"Portada","item":"https:\/\/magoscreativos.com\/alexgarcia\/"},{"@type":"ListItem","position":2,"name":"Home"}]},{"@type":"WebSite","@id":"https:\/\/magoscreativos.com\/alexgarcia\/#website","url":"https:\/\/magoscreativos.com\/alexgarcia\/","name":"Alex Rodriguez Garcia","description":"Comunicaci\u00f3n Gr\u00e1fica y Creatividad","publisher":{"@id":"https:\/\/magoscreativos.com\/alexgarcia\/#organization"},"potentialAction":[{"@type":"SearchAction","target":{"@type":"EntryPoint","urlTemplate":"https:\/\/magoscreativos.com\/alexgarcia\/?s={search_term_string}"},"query-input":{"@type":"PropertyValueSpecification","valueRequired":true,"valueName":"search_term_string"}}],"inLanguage":"es"},{"@type":"Organization","@id":"https:\/\/magoscreativos.com\/alexgarcia\/#organization","name":"Alex Rodriguez Garcia","url":"https:\/\/magoscreativos.com\/alexgarcia\/","logo":{"@type":"ImageObject","inLanguage":"es","@id":"https:\/\/magoscreativos.com\/alexgarcia\/#\/schema\/logo\/image\/","url":"https:\/\/magoscreativos.com\/alexgarcia\/wp-content\/uploads\/2018\/07\/logo-regular-free-img.png","contentUrl":"https:\/\/magoscreativos.com\/alexgarcia\/wp-content\/uploads\/2018\/07\/logo-regular-free-img.png","width":211,"height":30,"caption":"Alex Rodriguez Garcia"},"image":{"@id":"https:\/\/magoscreativos.com\/alexgarcia\/#\/schema\/logo\/image\/"}}]}},"uagb_featured_image_src":{"full":false,"thumbnail":false,"medium":false,"medium_large":false,"large":false,"1536x1536":false,"2048x2048":false},"uagb_author_info":{"display_name":"argcreatividad@gmail.com","author_link":"https:\/\/magoscreativos.com\/alexgarcia\/author\/argcreatividadgmail-com\/"},"uagb_comment_info":0,"uagb_excerpt":"Ayudo a los negocios a crecer. En un mundo digital cada vez m\u00e1s competitivo, ayudar a los negocios a destacarse es clave para su crecimiento. Mi enfoque est\u00e1 en crear mensajes e im\u00e1genes creativas que conecten con tu audiencia de manera aut\u00e9ntica y efectiva. Cada empresa tiene una historia \u00fanica, y mi misi\u00f3n es comunicarla&hellip;","_links":{"self":[{"href":"https:\/\/magoscreativos.com\/alexgarcia\/wp-json\/wp\/v2\/pages\/25247","targetHints":{"allow":["GET"]}}],"collection":[{"href":"https:\/\/magoscreativos.com\/alexgarcia\/wp-json\/wp\/v2\/pages"}],"about":[{"href":"https:\/\/magoscreativos.com\/alexgarcia\/wp-json\/wp\/v2\/types\/page"}],"author":[{"embeddable":true,"href":"https:\/\/magoscreativos.com\/alexgarcia\/wp-json\/wp\/v2\/users\/1"}],"replies":[{"embeddable":true,"href":"https:\/\/magoscreativos.com\/alexgarcia\/wp-json\/wp\/v2\/comments?post=25247"}],"version-history":[{"count":21,"href":"https:\/\/magoscreativos.com\/alexgarcia\/wp-json\/wp\/v2\/pages\/25247\/revisions"}],"predecessor-version":[{"id":26742,"href":"https:\/\/magoscreativos.com\/alexgarcia\/wp-json\/wp\/v2\/pages\/25247\/revisions\/26742"}],"wp:attachment":[{"href":"https:\/\/magoscreativos.com\/alexgarcia\/wp-json\/wp\/v2\/media?parent=25247"}],"curies":[{"name":"wp","href":"https:\/\/api.w.org\/{rel}","templated":true}]}}