{"id":25248,"date":"2024-08-30T14:13:07","date_gmt":"2024-08-30T14:13:07","guid":{"rendered":"https:\/\/magoscreativos.com\/alexgarcia\/about-3\/"},"modified":"2025-02-17T15:45:12","modified_gmt":"2025-02-17T15:45:12","slug":"soy-alex","status":"publish","type":"page","link":"https:\/\/magoscreativos.com\/alexgarcia\/soy-alex\/","title":{"rendered":"Soy Alex"},"content":{"rendered":"\n<div class=\"wp-block-uagb-container uagb-block-c257bd08 alignfull uagb-is-root-container\"><div class=\"uagb-container-inner-blocks-wrap\">\n<div class=\"wp-block-uagb-info-box uagb-block-5c50041a uagb-infobox__content-wrap  uagb-infobox-icon-above-title uagb-infobox-image-valign-top\"><div class=\"uagb-ifb-content\"><div class=\"uagb-ifb-title-wrap\"><h6 class=\"uagb-ifb-title-prefix\">Algunas palabras<\/h6><div class=\"uagb-ifb-separator\"><\/div><h1 class=\"uagb-ifb-title\">Soy Alex<\/h1><\/div><\/div><\/div>\n<\/div><\/div>\n\n\n\n<div class=\"wp-block-uagb-container uagb-block-e8699361 alignfull uagb-is-root-container\"><div class=\"uagb-container-inner-blocks-wrap\">\n<div class=\"wp-block-uagb-container uagb-block-466d6313\">\n<div class=\"wp-block-uagb-advanced-heading uagb-block-2e525b29\"><p class=\"uagb-heading-text\">\u00abAtr\u00e9vete a ser creativo y a probar nuevas ideas de marketing en tu marca\u00bb.<\/p><\/div>\n<\/div>\n\n\n\n<div class=\"wp-block-uagb-container uagb-block-bbf4fef5\">\n<div class=\"wp-block-uagb-info-box uagb-block-54c563aa uagb-infobox__content-wrap  uagb-infobox-icon-above-title uagb-infobox-image-valign-top\"><div class=\"uagb-ifb-content\"><div class=\"uagb-ifb-title-wrap\"><h6 class=\"uagb-ifb-title-prefix\"><strong>Pensador creativo\u200b<\/strong><\/h6><div class=\"uagb-ifb-separator\"><\/div><h2 class=\"uagb-ifb-title\">Experto en Marca &amp; Packaging\u200b<\/h2><\/div><p class=\"uagb-ifb-desc\">Hola, mi nombre es ALEX, un Dise\u00f1ador Gr\u00e1fico con experiencia de 20 a\u00f1os, apasionado por las formas y los colores, la anatom\u00eda de la tipograf\u00eda y la geometr\u00eda de los objetos es as\u00ed c\u00f3mo me involucro con el branding, manual de identidad corporativa, dise\u00f1o editorial y redacci\u00f3n, piezas gr\u00e1ficas para impresi\u00f3n (digital y offset), artefinalista, retoque digital, empaques (packaging), website (wordpress), comunicaci\u00f3n visual y marketing.<\/p><\/div><\/div>\n\n\n\n<div class=\"wp-block-uagb-advanced-heading uagb-block-ac43919f\"><h5 class=\"uagb-heading-text\">Espero poder compartir mi experiencia con las personas involucradas en cada proyecto y seguir sumando conocimientos en cada proceso.<\/h5><\/div>\n<\/div>\n<\/div><\/div>\n\n\n\n<div class=\"wp-block-uagb-container uagb-block-0d40ae59 default uagb-is-root-container\">\n<div class=\"wp-block-uagb-info-box uagb-block-436e94b9 uagb-infobox__content-wrap  uagb-infobox-icon-above-title uagb-infobox-image-valign-top wp-block-uagb-info-box--has-margin\"><div class=\"uagb-infobox-margin-wrapper\"><div class=\"uagb-ifb-content\"><div class=\"uagb-ifb-title-wrap\"><h6 class=\"uagb-ifb-title-prefix\">Mercadeo \u00fatil<\/h6><div class=\"uagb-ifb-separator\"><\/div><h2 class=\"uagb-ifb-title\">Creo apasionadamente que los pilares de una imagen s\u00f3lida y el crecimiento van de la mano.<\/h2><\/div><p class=\"uagb-ifb-desc\">No se trata solo de tener un buen logo o un dise\u00f1o atractivo, sino de construir una identidad aut\u00e9ntica que conecte con tu audiencia y hable de lo que eres como marca. Una imagen coherente y bien pensada no solo te ayuda a destacarte, sino que tambi\u00e9n crea confianza y fidelidad entre tus clientes. Cuando tu imagen refleja tus valores y misi\u00f3n, el crecimiento viene casi de forma natural. Si est\u00e1s listo para dar ese paso hacia una imagen m\u00e1s fuerte y un negocio m\u00e1s grande, \u00a1estoy aqu\u00ed para ayudarte!<\/p><\/div><\/div><\/div>\n\n\n\n<div class=\"wp-block-uagb-advanced-heading uagb-block-d10d0217\"><h4 class=\"uagb-heading-text\">Creativo en todos los aspectos<\/h4><\/div>\n\n\n\n<div class=\"wp-block-uagb-container uagb-layout-grid uagb-block-187cd6ea alignfull uagb-is-root-container\"><div class=\"uagb-container-inner-blocks-wrap\">\n<div class=\"wp-block-uagb-advanced-heading uagb-block-14fe5cac\"><p class=\"uagb-desc-text\">Soy <strong>creativo en todos los aspectos<\/strong>. Ya sea en dise\u00f1o, estrategias de marketing, o en la manera de abordar cada desaf\u00edo, siempre busco soluciones originales y efectivas. Mi enfoque es pensar fuera de la caja, adapt\u00e1ndome a las necesidades de cada cliente para crear resultados que realmente marquen la diferencia. La creatividad no tiene l\u00edmites y en cada proyecto, me esfuerzo por llevar esa visi\u00f3n a cada detalle.<\/p><\/div>\n\n\n\n<div class=\"wp-block-uagb-advanced-heading uagb-block-5273495d\"><p class=\"uagb-desc-text\"><strong>Me gusta ver crecer negocios a partir de una idea<\/strong>. Creo que todo gran proyecto comienza con una visi\u00f3n, y mi pasi\u00f3n es ayudar a transformarla en algo real y exitoso. Desde la concepci\u00f3n hasta la ejecuci\u00f3n, trabajo para dar forma a las ideas, impulsarlas con estrategias efectivas y ver c\u00f3mo evolucionan hacia empresas s\u00f3lidas y rentables. No hay nada m\u00e1s gratificante que acompa\u00f1ar a un negocio en su camino de crecimiento y \u00e9xito.<\/p><\/div>\n<\/div><\/div>\n<\/div>\n\n\n\n<div class=\"wp-block-uagb-container uagb-block-8f3ea216 alignfull uagb-is-root-container\"><div class=\"uagb-container-inner-blocks-wrap\">\n<div class=\"wp-block-uagb-info-box uagb-block-28276066 uagb-infobox__content-wrap  uagb-infobox-icon-above-title uagb-infobox-image-valign-top\"><div class=\"uagb-ifb-content\"><div class=\"uagb-ifb-title-wrap\"><h6 class=\"uagb-ifb-title-prefix\"><strong>Mi arte y dise\u00f1o para diversas empresas.<\/strong><\/h6><h2 class=\"uagb-ifb-title\">He trabajado con:\u200b<\/h2><\/div><div class=\"uagb-ifb-separator\"><\/div><\/div><\/div>\n<\/div><\/div>\n\n\n\n<div class=\"wp-block-uagb-container uagb-block-3c9c7a3f alignfull uagb-is-root-container\"><div class=\"uagb-container-inner-blocks-wrap\">\t\t\t\t\t<div\n\t\t\t\t\t\tclass=\"wp-block-uagb-image-gallery uagb-block-d3c1a376     \"\n\t\t\t\t\t\tstyle=\"\"\n\t\t\t\t\t>\n\t\t\t\t\t\t\t\t\t\t\t<div class=\"spectra-image-gallery spectra-image-gallery__layout--carousel\">\n\t\t\t\t\t\t\t\t<div class=\"uagb-slick-carousel uagb-block-d3c1a376\">\n\t\t\t\t\t\t\t\t\t\t\t\t<div class='spectra-image-gallery__media-wrapper' data-spectra-gallery-image-id='26730'>\n\t\t\t\t\t\t\t<div class=\"spectra-image-gallery__media spectra-image-gallery__media--carousel\">\n\t\t\t\t<picture>\n\t\t\t\t\t<source media=\"(min-width: 1024px)\" srcset=\"https:\/\/magoscreativos.com\/alexgarcia\/wp-content\/uploads\/2025\/02\/logo_tq-1.jpg\">\n\t\t\t\t\t<source media=\"(min-width: 768px)\" srcset=\"https:\/\/magoscreativos.com\/alexgarcia\/wp-content\/uploads\/2025\/02\/logo_tq-1.jpg\">\n\t\t\t\t\t<img decoding=\"async\" class=\"spectra-image-gallery__media-thumbnail spectra-image-gallery__media-thumbnail--carousel\" src=\"https:\/\/magoscreativos.com\/alexgarcia\/wp-content\/uploads\/2025\/02\/logo_tq-1-300x300.jpg\" alt=\"\" loading=\"lazy\" \/>\n\t\t\t\t<\/picture>\n\t\t\t\t<div class=\"spectra-image-gallery__media-thumbnail-blurrer\"><\/div>\n\t\t\t\t\t\t\t\t\t\t\t<div class=\"spectra-image-gallery__media-thumbnail-caption-wrapper spectra-image-gallery__media-thumbnail-caption-wrapper--overlay\"><\/div>\n\t\t\t\t\t\t\t\t<\/div>\n\t\t\t\t\t\t<\/div>\n\t\t\t\t\t\t<div class='spectra-image-gallery__media-wrapper' data-spectra-gallery-image-id='26726'>\n\t\t\t\t\t\t\t<div class=\"spectra-image-gallery__media spectra-image-gallery__media--carousel\">\n\t\t\t\t<picture>\n\t\t\t\t\t<source media=\"(min-width: 1024px)\" srcset=\"https:\/\/magoscreativos.com\/alexgarcia\/wp-content\/uploads\/2025\/02\/logo_bancooccidente-1.jpg\">\n\t\t\t\t\t<source media=\"(min-width: 768px)\" srcset=\"https:\/\/magoscreativos.com\/alexgarcia\/wp-content\/uploads\/2025\/02\/logo_bancooccidente-1.jpg\">\n\t\t\t\t\t<img decoding=\"async\" class=\"spectra-image-gallery__media-thumbnail spectra-image-gallery__media-thumbnail--carousel\" src=\"https:\/\/magoscreativos.com\/alexgarcia\/wp-content\/uploads\/2025\/02\/logo_bancooccidente-1-300x300.jpg\" alt=\"\" loading=\"lazy\" \/>\n\t\t\t\t<\/picture>\n\t\t\t\t<div class=\"spectra-image-gallery__media-thumbnail-blurrer\"><\/div>\n\t\t\t\t\t\t\t\t\t\t\t<div class=\"spectra-image-gallery__media-thumbnail-caption-wrapper spectra-image-gallery__media-thumbnail-caption-wrapper--overlay\"><\/div>\n\t\t\t\t\t\t\t\t<\/div>\n\t\t\t\t\t\t<\/div>\n\t\t\t\t\t\t<div class='spectra-image-gallery__media-wrapper' data-spectra-gallery-image-id='26729'>\n\t\t\t\t\t\t\t<div class=\"spectra-image-gallery__media spectra-image-gallery__media--carousel\">\n\t\t\t\t<picture>\n\t\t\t\t\t<source media=\"(min-width: 1024px)\" srcset=\"https:\/\/magoscreativos.com\/alexgarcia\/wp-content\/uploads\/2025\/02\/logo_jj-1.jpg\">\n\t\t\t\t\t<source media=\"(min-width: 768px)\" srcset=\"https:\/\/magoscreativos.com\/alexgarcia\/wp-content\/uploads\/2025\/02\/logo_jj-1.jpg\">\n\t\t\t\t\t<img decoding=\"async\" class=\"spectra-image-gallery__media-thumbnail spectra-image-gallery__media-thumbnail--carousel\" src=\"https:\/\/magoscreativos.com\/alexgarcia\/wp-content\/uploads\/2025\/02\/logo_jj-1-300x300.jpg\" alt=\"\" loading=\"lazy\" \/>\n\t\t\t\t<\/picture>\n\t\t\t\t<div class=\"spectra-image-gallery__media-thumbnail-blurrer\"><\/div>\n\t\t\t\t\t\t\t\t\t\t\t<div class=\"spectra-image-gallery__media-thumbnail-caption-wrapper spectra-image-gallery__media-thumbnail-caption-wrapper--overlay\"><\/div>\n\t\t\t\t\t\t\t\t<\/div>\n\t\t\t\t\t\t<\/div>\n\t\t\t\t\t\t<div class='spectra-image-gallery__media-wrapper' data-spectra-gallery-image-id='26727'>\n\t\t\t\t\t\t\t<div class=\"spectra-image-gallery__media spectra-image-gallery__media--carousel\">\n\t\t\t\t<picture>\n\t\t\t\t\t<source media=\"(min-width: 1024px)\" srcset=\"https:\/\/magoscreativos.com\/alexgarcia\/wp-content\/uploads\/2025\/02\/logo_arquidiocesis-1.jpg\">\n\t\t\t\t\t<source media=\"(min-width: 768px)\" srcset=\"https:\/\/magoscreativos.com\/alexgarcia\/wp-content\/uploads\/2025\/02\/logo_arquidiocesis-1.jpg\">\n\t\t\t\t\t<img decoding=\"async\" class=\"spectra-image-gallery__media-thumbnail spectra-image-gallery__media-thumbnail--carousel\" src=\"https:\/\/magoscreativos.com\/alexgarcia\/wp-content\/uploads\/2025\/02\/logo_arquidiocesis-1-300x300.jpg\" alt=\"\" loading=\"lazy\" \/>\n\t\t\t\t<\/picture>\n\t\t\t\t<div class=\"spectra-image-gallery__media-thumbnail-blurrer\"><\/div>\n\t\t\t\t\t\t\t\t\t\t\t<div class=\"spectra-image-gallery__media-thumbnail-caption-wrapper spectra-image-gallery__media-thumbnail-caption-wrapper--overlay\"><\/div>\n\t\t\t\t\t\t\t\t<\/div>\n\t\t\t\t\t\t<\/div>\n\t\t\t\t\t\t<div class='spectra-image-gallery__media-wrapper' data-spectra-gallery-image-id='26728'>\n\t\t\t\t\t\t\t<div class=\"spectra-image-gallery__media spectra-image-gallery__media--carousel\">\n\t\t\t\t<picture>\n\t\t\t\t\t<source media=\"(min-width: 1024px)\" srcset=\"https:\/\/magoscreativos.com\/alexgarcia\/wp-content\/uploads\/2025\/02\/logo_colombina-1.jpg\">\n\t\t\t\t\t<source media=\"(min-width: 768px)\" srcset=\"https:\/\/magoscreativos.com\/alexgarcia\/wp-content\/uploads\/2025\/02\/logo_colombina-1.jpg\">\n\t\t\t\t\t<img decoding=\"async\" class=\"spectra-image-gallery__media-thumbnail spectra-image-gallery__media-thumbnail--carousel\" src=\"https:\/\/magoscreativos.com\/alexgarcia\/wp-content\/uploads\/2025\/02\/logo_colombina-1-300x300.jpg\" alt=\"\" loading=\"lazy\" \/>\n\t\t\t\t<\/picture>\n\t\t\t\t<div class=\"spectra-image-gallery__media-thumbnail-blurrer\"><\/div>\n\t\t\t\t\t\t\t\t\t\t\t<div class=\"spectra-image-gallery__media-thumbnail-caption-wrapper spectra-image-gallery__media-thumbnail-caption-wrapper--overlay\"><\/div>\n\t\t\t\t\t\t\t\t<\/div>\n\t\t\t\t\t\t<\/div>\n\t\t\t\t\t\t\t\t\t\t\t<\/div>\n\t\t\t\t\t\t\t<\/div>\n\t\t\t\t\t\t\t\t\t\t\t<\/div>\n\t\t\t\t\t\t\t\t\t<\/div><\/div>\n","protected":false},"excerpt":{"rendered":"<p>\u00abAtr\u00e9vete a ser creativo y a probar nuevas ideas de marketing en tu marca\u00bb. Espero poder compartir mi experiencia con las personas involucradas en cada proyecto y seguir sumando conocimientos en cada proceso. Creativo en todos los aspectos Soy creativo en todos los aspectos. Ya sea en dise\u00f1o, estrategias de marketing, o en la manera [&hellip;]<\/p>\n","protected":false},"author":1,"featured_media":0,"parent":0,"menu_order":0,"comment_status":"closed","ping_status":"closed","template":"","meta":{"_uag_custom_page_level_css":"","_monsterinsights_skip_tracking":false,"_monsterinsights_sitenote_active":false,"_monsterinsights_sitenote_note":"","_monsterinsights_sitenote_category":0,"site-sidebar-layout":"no-sidebar","site-content-layout":"plain-container","ast-site-content-layout":"normal-width-container","site-content-style":"unboxed","site-sidebar-style":"unboxed","ast-global-header-display":"","ast-banner-title-visibility":"","ast-main-header-display":"","ast-hfb-above-header-display":"","ast-hfb-below-header-display":"","ast-hfb-mobile-header-display":"","site-post-title":"disabled","ast-breadcrumbs-content":"","ast-featured-img":"disabled","footer-sml-layout":"","theme-transparent-header-meta":"enabled","adv-header-id-meta":"","stick-header-meta":"","header-above-stick-meta":"","header-main-stick-meta":"","header-below-stick-meta":"","astra-migrate-meta-layouts":"set","ast-page-background-enabled":"default","ast-page-background-meta":{"desktop":{"background-color":"","background-image":"","background-repeat":"repeat","background-position":"center center","background-size":"auto","background-attachment":"scroll","background-type":"","background-media":"","overlay-type":"","overlay-color":"","overlay-opacity":"","overlay-gradient":""},"tablet":{"background-color":"","background-image":"","background-repeat":"repeat","background-position":"center center","background-size":"auto","background-attachment":"scroll","background-type":"","background-media":"","overlay-type":"","overlay-color":"","overlay-opacity":"","overlay-gradient":""},"mobile":{"background-color":"","background-image":"","background-repeat":"repeat","background-position":"center center","background-size":"auto","background-attachment":"scroll","background-type":"","background-media":"","overlay-type":"","overlay-color":"","overlay-opacity":"","overlay-gradient":""}},"ast-content-background-meta":{"desktop":{"background-color":"var(--ast-global-color-5)","background-image":"","background-repeat":"repeat","background-position":"center center","background-size":"auto","background-attachment":"scroll","background-type":"","background-media":"","overlay-type":"","overlay-color":"","overlay-opacity":"","overlay-gradient":""},"tablet":{"background-color":"var(--ast-global-color-5)","background-image":"","background-repeat":"repeat","background-position":"center center","background-size":"auto","background-attachment":"scroll","background-type":"","background-media":"","overlay-type":"","overlay-color":"","overlay-opacity":"","overlay-gradient":""},"mobile":{"background-color":"var(--ast-global-color-5)","background-image":"","background-repeat":"repeat","background-position":"center center","background-size":"auto","background-attachment":"scroll","background-type":"","background-media":"","overlay-type":"","overlay-color":"","overlay-opacity":"","overlay-gradient":""}},"footnotes":""},"class_list":["post-25248","page","type-page","status-publish","hentry"],"yoast_head":"<!-- This site is optimized with the Yoast SEO plugin v27.5 - https:\/\/yoast.com\/product\/yoast-seo-wordpress\/ -->\n<title>Soy Alex - Alex Rodriguez Garcia<\/title>\n<meta name=\"robots\" content=\"index, follow, max-snippet:-1, max-image-preview:large, max-video-preview:-1\" \/>\n<link rel=\"canonical\" href=\"https:\/\/magoscreativos.com\/alexgarcia\/soy-alex\/\" \/>\n<meta property=\"og:locale\" content=\"es_ES\" \/>\n<meta property=\"og:type\" content=\"article\" \/>\n<meta property=\"og:title\" content=\"Soy Alex - Alex Rodriguez Garcia\" \/>\n<meta property=\"og:description\" content=\"\u00abAtr\u00e9vete a ser creativo y a probar nuevas ideas de marketing en tu marca\u00bb. Espero poder compartir mi experiencia con las personas involucradas en cada proyecto y seguir sumando conocimientos en cada proceso. Creativo en todos los aspectos Soy creativo en todos los aspectos. Ya sea en dise\u00f1o, estrategias de marketing, o en la manera [&hellip;]\" \/>\n<meta property=\"og:url\" content=\"https:\/\/magoscreativos.com\/alexgarcia\/soy-alex\/\" \/>\n<meta property=\"og:site_name\" content=\"Alex Rodriguez Garcia\" \/>\n<meta property=\"article:modified_time\" content=\"2025-02-17T15:45:12+00:00\" \/>\n<meta name=\"twitter:card\" content=\"summary_large_image\" \/>\n<meta name=\"twitter:label1\" content=\"Tiempo de lectura\" \/>\n\t<meta name=\"twitter:data1\" content=\"2 minutos\" \/>\n<script type=\"application\/ld+json\" class=\"yoast-schema-graph\">{\"@context\":\"https:\\\/\\\/schema.org\",\"@graph\":[{\"@type\":\"WebPage\",\"@id\":\"https:\\\/\\\/magoscreativos.com\\\/alexgarcia\\\/soy-alex\\\/\",\"url\":\"https:\\\/\\\/magoscreativos.com\\\/alexgarcia\\\/soy-alex\\\/\",\"name\":\"Soy Alex - Alex Rodriguez Garcia\",\"isPartOf\":{\"@id\":\"https:\\\/\\\/magoscreativos.com\\\/alexgarcia\\\/#website\"},\"datePublished\":\"2024-08-30T14:13:07+00:00\",\"dateModified\":\"2025-02-17T15:45:12+00:00\",\"breadcrumb\":{\"@id\":\"https:\\\/\\\/magoscreativos.com\\\/alexgarcia\\\/soy-alex\\\/#breadcrumb\"},\"inLanguage\":\"es\",\"potentialAction\":[{\"@type\":\"ReadAction\",\"target\":[\"https:\\\/\\\/magoscreativos.com\\\/alexgarcia\\\/soy-alex\\\/\"]}]},{\"@type\":\"BreadcrumbList\",\"@id\":\"https:\\\/\\\/magoscreativos.com\\\/alexgarcia\\\/soy-alex\\\/#breadcrumb\",\"itemListElement\":[{\"@type\":\"ListItem\",\"position\":1,\"name\":\"Portada\",\"item\":\"https:\\\/\\\/magoscreativos.com\\\/alexgarcia\\\/\"},{\"@type\":\"ListItem\",\"position\":2,\"name\":\"Soy Alex\"}]},{\"@type\":\"WebSite\",\"@id\":\"https:\\\/\\\/magoscreativos.com\\\/alexgarcia\\\/#website\",\"url\":\"https:\\\/\\\/magoscreativos.com\\\/alexgarcia\\\/\",\"name\":\"Alex Rodriguez Garcia\",\"description\":\"Comunicaci\u00f3n Gr\u00e1fica y Creatividad\",\"publisher\":{\"@id\":\"https:\\\/\\\/magoscreativos.com\\\/alexgarcia\\\/#organization\"},\"potentialAction\":[{\"@type\":\"SearchAction\",\"target\":{\"@type\":\"EntryPoint\",\"urlTemplate\":\"https:\\\/\\\/magoscreativos.com\\\/alexgarcia\\\/?s={search_term_string}\"},\"query-input\":{\"@type\":\"PropertyValueSpecification\",\"valueRequired\":true,\"valueName\":\"search_term_string\"}}],\"inLanguage\":\"es\"},{\"@type\":\"Organization\",\"@id\":\"https:\\\/\\\/magoscreativos.com\\\/alexgarcia\\\/#organization\",\"name\":\"Alex Rodriguez Garcia\",\"url\":\"https:\\\/\\\/magoscreativos.com\\\/alexgarcia\\\/\",\"logo\":{\"@type\":\"ImageObject\",\"inLanguage\":\"es\",\"@id\":\"https:\\\/\\\/magoscreativos.com\\\/alexgarcia\\\/#\\\/schema\\\/logo\\\/image\\\/\",\"url\":\"https:\\\/\\\/magoscreativos.com\\\/alexgarcia\\\/wp-content\\\/uploads\\\/2018\\\/07\\\/logo-regular-free-img.png\",\"contentUrl\":\"https:\\\/\\\/magoscreativos.com\\\/alexgarcia\\\/wp-content\\\/uploads\\\/2018\\\/07\\\/logo-regular-free-img.png\",\"width\":211,\"height\":30,\"caption\":\"Alex Rodriguez Garcia\"},\"image\":{\"@id\":\"https:\\\/\\\/magoscreativos.com\\\/alexgarcia\\\/#\\\/schema\\\/logo\\\/image\\\/\"}}]}<\/script>\n<!-- \/ Yoast SEO plugin. -->","yoast_head_json":{"title":"Soy Alex - Alex Rodriguez Garcia","robots":{"index":"index","follow":"follow","max-snippet":"max-snippet:-1","max-image-preview":"max-image-preview:large","max-video-preview":"max-video-preview:-1"},"canonical":"https:\/\/magoscreativos.com\/alexgarcia\/soy-alex\/","og_locale":"es_ES","og_type":"article","og_title":"Soy Alex - Alex Rodriguez Garcia","og_description":"\u00abAtr\u00e9vete a ser creativo y a probar nuevas ideas de marketing en tu marca\u00bb. Espero poder compartir mi experiencia con las personas involucradas en cada proyecto y seguir sumando conocimientos en cada proceso. Creativo en todos los aspectos Soy creativo en todos los aspectos. Ya sea en dise\u00f1o, estrategias de marketing, o en la manera [&hellip;]","og_url":"https:\/\/magoscreativos.com\/alexgarcia\/soy-alex\/","og_site_name":"Alex Rodriguez Garcia","article_modified_time":"2025-02-17T15:45:12+00:00","twitter_card":"summary_large_image","twitter_misc":{"Tiempo de lectura":"2 minutos"},"schema":{"@context":"https:\/\/schema.org","@graph":[{"@type":"WebPage","@id":"https:\/\/magoscreativos.com\/alexgarcia\/soy-alex\/","url":"https:\/\/magoscreativos.com\/alexgarcia\/soy-alex\/","name":"Soy Alex - Alex Rodriguez Garcia","isPartOf":{"@id":"https:\/\/magoscreativos.com\/alexgarcia\/#website"},"datePublished":"2024-08-30T14:13:07+00:00","dateModified":"2025-02-17T15:45:12+00:00","breadcrumb":{"@id":"https:\/\/magoscreativos.com\/alexgarcia\/soy-alex\/#breadcrumb"},"inLanguage":"es","potentialAction":[{"@type":"ReadAction","target":["https:\/\/magoscreativos.com\/alexgarcia\/soy-alex\/"]}]},{"@type":"BreadcrumbList","@id":"https:\/\/magoscreativos.com\/alexgarcia\/soy-alex\/#breadcrumb","itemListElement":[{"@type":"ListItem","position":1,"name":"Portada","item":"https:\/\/magoscreativos.com\/alexgarcia\/"},{"@type":"ListItem","position":2,"name":"Soy Alex"}]},{"@type":"WebSite","@id":"https:\/\/magoscreativos.com\/alexgarcia\/#website","url":"https:\/\/magoscreativos.com\/alexgarcia\/","name":"Alex Rodriguez Garcia","description":"Comunicaci\u00f3n Gr\u00e1fica y Creatividad","publisher":{"@id":"https:\/\/magoscreativos.com\/alexgarcia\/#organization"},"potentialAction":[{"@type":"SearchAction","target":{"@type":"EntryPoint","urlTemplate":"https:\/\/magoscreativos.com\/alexgarcia\/?s={search_term_string}"},"query-input":{"@type":"PropertyValueSpecification","valueRequired":true,"valueName":"search_term_string"}}],"inLanguage":"es"},{"@type":"Organization","@id":"https:\/\/magoscreativos.com\/alexgarcia\/#organization","name":"Alex Rodriguez Garcia","url":"https:\/\/magoscreativos.com\/alexgarcia\/","logo":{"@type":"ImageObject","inLanguage":"es","@id":"https:\/\/magoscreativos.com\/alexgarcia\/#\/schema\/logo\/image\/","url":"https:\/\/magoscreativos.com\/alexgarcia\/wp-content\/uploads\/2018\/07\/logo-regular-free-img.png","contentUrl":"https:\/\/magoscreativos.com\/alexgarcia\/wp-content\/uploads\/2018\/07\/logo-regular-free-img.png","width":211,"height":30,"caption":"Alex Rodriguez Garcia"},"image":{"@id":"https:\/\/magoscreativos.com\/alexgarcia\/#\/schema\/logo\/image\/"}}]}},"uagb_featured_image_src":{"full":false,"thumbnail":false,"medium":false,"medium_large":false,"large":false,"1536x1536":false,"2048x2048":false},"uagb_author_info":{"display_name":"argcreatividad@gmail.com","author_link":"https:\/\/magoscreativos.com\/alexgarcia\/author\/argcreatividadgmail-com\/"},"uagb_comment_info":0,"uagb_excerpt":"\u00abAtr\u00e9vete a ser creativo y a probar nuevas ideas de marketing en tu marca\u00bb. Espero poder compartir mi experiencia con las personas involucradas en cada proyecto y seguir sumando conocimientos en cada proceso. Creativo en todos los aspectos Soy creativo en todos los aspectos. Ya sea en dise\u00f1o, estrategias de marketing, o en la manera&hellip;","_links":{"self":[{"href":"https:\/\/magoscreativos.com\/alexgarcia\/wp-json\/wp\/v2\/pages\/25248","targetHints":{"allow":["GET"]}}],"collection":[{"href":"https:\/\/magoscreativos.com\/alexgarcia\/wp-json\/wp\/v2\/pages"}],"about":[{"href":"https:\/\/magoscreativos.com\/alexgarcia\/wp-json\/wp\/v2\/types\/page"}],"author":[{"embeddable":true,"href":"https:\/\/magoscreativos.com\/alexgarcia\/wp-json\/wp\/v2\/users\/1"}],"replies":[{"embeddable":true,"href":"https:\/\/magoscreativos.com\/alexgarcia\/wp-json\/wp\/v2\/comments?post=25248"}],"version-history":[{"count":13,"href":"https:\/\/magoscreativos.com\/alexgarcia\/wp-json\/wp\/v2\/pages\/25248\/revisions"}],"predecessor-version":[{"id":26745,"href":"https:\/\/magoscreativos.com\/alexgarcia\/wp-json\/wp\/v2\/pages\/25248\/revisions\/26745"}],"wp:attachment":[{"href":"https:\/\/magoscreativos.com\/alexgarcia\/wp-json\/wp\/v2\/media?parent=25248"}],"curies":[{"name":"wp","href":"https:\/\/api.w.org\/{rel}","templated":true}]}}